{"id":208,"date":"2021-08-10T15:45:53","date_gmt":"2021-08-10T13:45:53","guid":{"rendered":"http:\/\/loryogi.com\/?page_id=208"},"modified":"2021-08-25T11:44:47","modified_gmt":"2021-08-25T09:44:47","slug":"contact","status":"publish","type":"page","link":"https:\/\/loryogi.com\/index.php\/contact\/","title":{"rendered":"Contact"},"content":{"rendered":"\t\t<div data-elementor-type=\"wp-page\" data-elementor-id=\"208\" class=\"elementor elementor-208\">\n\t\t\t\t\t\t\t\t\t<section class=\"elementor-section elementor-top-section elementor-element elementor-element-588201d elementor-section-boxed elementor-section-height-default elementor-section-height-default\" data-id=\"588201d\" data-element_type=\"section\" data-settings=\"{&quot;background_background&quot;:&quot;slideshow&quot;,&quot;background_slideshow_gallery&quot;:[{&quot;id&quot;:612,&quot;url&quot;:&quot;https:\\\/\\\/loryogi.com\\\/wp-content\\\/uploads\\\/2021\\\/08\\\/01-LOR3-scaled.jpg&quot;}],&quot;background_slideshow_loop&quot;:&quot;yes&quot;,&quot;background_slideshow_slide_duration&quot;:5000,&quot;background_slideshow_slide_transition&quot;:&quot;fade&quot;,&quot;background_slideshow_transition_duration&quot;:500}\">\n\t\t\t\t\t\t\t<div class=\"elementor-background-overlay\"><\/div>\n\t\t\t\t\t\t\t<div class=\"elementor-container elementor-column-gap-default\">\n\t\t\t\t\t<div class=\"elementor-column elementor-col-100 elementor-top-column elementor-element elementor-element-47191f2d\" data-id=\"47191f2d\" data-element_type=\"column\">\n\t\t\t<div class=\"elementor-widget-wrap elementor-element-populated\">\n\t\t\t\t\t\t\t\t<div class=\"elementor-element elementor-element-5304d0f3 elementor-widget elementor-widget-heading\" data-id=\"5304d0f3\" data-element_type=\"widget\" data-widget_type=\"heading.default\">\n\t\t\t\t<div class=\"elementor-widget-container\">\n\t\t\t<style>\/*! elementor - v3.10.1 - 17-01-2023 *\/\n.elementor-heading-title{padding:0;margin:0;line-height:1}.elementor-widget-heading .elementor-heading-title[class*=elementor-size-]>a{color:inherit;font-size:inherit;line-height:inherit}.elementor-widget-heading .elementor-heading-title.elementor-size-small{font-size:15px}.elementor-widget-heading .elementor-heading-title.elementor-size-medium{font-size:19px}.elementor-widget-heading .elementor-heading-title.elementor-size-large{font-size:29px}.elementor-widget-heading .elementor-heading-title.elementor-size-xl{font-size:39px}.elementor-widget-heading .elementor-heading-title.elementor-size-xxl{font-size:59px}<\/style><h2 class=\"elementor-heading-title elementor-size-default\">CONTACT<\/h2>\t\t<\/div>\n\t\t\t\t<\/div>\n\t\t\t\t<div class=\"elementor-element elementor-element-7448546a elementor-widget elementor-widget-heading\" data-id=\"7448546a\" data-element_type=\"widget\" data-widget_type=\"heading.default\">\n\t\t\t\t<div class=\"elementor-widget-container\">\n\t\t\t<h1 class=\"elementor-heading-title elementor-size-default\">partageons<br>le Go\u00fbt de la Vie<\/h1>\t\t<\/div>\n\t\t\t\t<\/div>\n\t\t\t\t<div class=\"elementor-element elementor-element-35b3c2c9 elementor-widget elementor-widget-heading\" data-id=\"35b3c2c9\" data-element_type=\"widget\" data-widget_type=\"heading.default\">\n\t\t\t\t<div class=\"elementor-widget-container\">\n\t\t\t<h3 class=\"elementor-heading-title elementor-size-default\">joie. sant\u00e9. coeur<\/h3>\t\t<\/div>\n\t\t\t\t<\/div>\n\t\t\t\t<section class=\"elementor-section elementor-inner-section elementor-element elementor-element-3ec25449 elementor-section-boxed elementor-section-height-default elementor-section-height-default\" data-id=\"3ec25449\" data-element_type=\"section\">\n\t\t\t\t\t\t<div class=\"elementor-container elementor-column-gap-no\">\n\t\t\t\t\t<div class=\"elementor-column elementor-col-33 elementor-inner-column elementor-element elementor-element-1ea6115f\" data-id=\"1ea6115f\" data-element_type=\"column\">\n\t\t\t<div class=\"elementor-widget-wrap elementor-element-populated\">\n\t\t\t\t\t\t\t\t<div class=\"elementor-element elementor-element-60656388 elementor-widget elementor-widget-text-editor\" data-id=\"60656388\" data-element_type=\"widget\" data-widget_type=\"text-editor.default\">\n\t\t\t\t<div class=\"elementor-widget-container\">\n\t\t\t<style>\/*! elementor - v3.10.1 - 17-01-2023 *\/\n.elementor-widget-text-editor.elementor-drop-cap-view-stacked .elementor-drop-cap{background-color:#818a91;color:#fff}.elementor-widget-text-editor.elementor-drop-cap-view-framed .elementor-drop-cap{color:#818a91;border:3px solid;background-color:transparent}.elementor-widget-text-editor:not(.elementor-drop-cap-view-default) .elementor-drop-cap{margin-top:8px}.elementor-widget-text-editor:not(.elementor-drop-cap-view-default) .elementor-drop-cap-letter{width:1em;height:1em}.elementor-widget-text-editor .elementor-drop-cap{float:left;text-align:center;line-height:1;font-size:50px}.elementor-widget-text-editor .elementor-drop-cap-letter{display:inline-block}<\/style>\t\t\t\t<p>S\u00c9DENTARIT\u00c9, RIGIDIT\u00c9 &amp; MAL-\u00caTRE<\/p>\t\t\t\t\t\t<\/div>\n\t\t\t\t<\/div>\n\t\t\t\t<div class=\"elementor-element elementor-element-2a6d10d2 elementor-view-stacked elementor-shape-circle elementor-widget elementor-widget-icon\" data-id=\"2a6d10d2\" data-element_type=\"widget\" data-widget_type=\"icon.default\">\n\t\t\t\t<div class=\"elementor-widget-container\">\n\t\t\t\t\t<div class=\"elementor-icon-wrapper\">\n\t\t\t<div class=\"elementor-icon\">\n\t\t\t<i aria-hidden=\"true\" class=\"far fa-moon\"><\/i>\t\t\t<\/div>\n\t\t<\/div>\n\t\t\t\t<\/div>\n\t\t\t\t<\/div>\n\t\t\t\t\t<\/div>\n\t\t<\/div>\n\t\t\t\t<div class=\"elementor-column elementor-col-33 elementor-inner-column elementor-element elementor-element-fffe585\" data-id=\"fffe585\" data-element_type=\"column\">\n\t\t\t<div class=\"elementor-widget-wrap elementor-element-populated\">\n\t\t\t\t\t\t\t\t<div class=\"elementor-element elementor-element-8d8d281 elementor-widget elementor-widget-text-editor\" data-id=\"8d8d281\" data-element_type=\"widget\" data-widget_type=\"text-editor.default\">\n\t\t\t\t<div class=\"elementor-widget-container\">\n\t\t\t\t\t\t\t<p>MAL DE DOS<\/p>\t\t\t\t\t\t<\/div>\n\t\t\t\t<\/div>\n\t\t\t\t<div class=\"elementor-element elementor-element-69c9592c elementor-view-stacked elementor-shape-circle elementor-widget elementor-widget-icon\" data-id=\"69c9592c\" data-element_type=\"widget\" data-widget_type=\"icon.default\">\n\t\t\t\t<div class=\"elementor-widget-container\">\n\t\t\t\t\t<div class=\"elementor-icon-wrapper\">\n\t\t\t<div class=\"elementor-icon\">\n\t\t\t<i aria-hidden=\"true\" class=\"far fa-life-ring\"><\/i>\t\t\t<\/div>\n\t\t<\/div>\n\t\t\t\t<\/div>\n\t\t\t\t<\/div>\n\t\t\t\t\t<\/div>\n\t\t<\/div>\n\t\t\t\t<div class=\"elementor-column elementor-col-33 elementor-inner-column elementor-element elementor-element-7ef89cd5\" data-id=\"7ef89cd5\" data-element_type=\"column\">\n\t\t\t<div class=\"elementor-widget-wrap elementor-element-populated\">\n\t\t\t\t\t\t\t\t<div class=\"elementor-element elementor-element-3d09f100 elementor-widget elementor-widget-text-editor\" data-id=\"3d09f100\" data-element_type=\"widget\" data-widget_type=\"text-editor.default\">\n\t\t\t\t<div class=\"elementor-widget-container\">\n\t\t\t\t\t\t\t<p>PERTE D&rsquo;ENVIE &amp; DE SENS<u><br \/><\/u><\/p>\t\t\t\t\t\t<\/div>\n\t\t\t\t<\/div>\n\t\t\t\t<div class=\"elementor-element elementor-element-23999e12 elementor-view-stacked elementor-shape-circle elementor-widget elementor-widget-icon\" data-id=\"23999e12\" data-element_type=\"widget\" data-widget_type=\"icon.default\">\n\t\t\t\t<div class=\"elementor-widget-container\">\n\t\t\t\t\t<div class=\"elementor-icon-wrapper\">\n\t\t\t<div class=\"elementor-icon\">\n\t\t\t<i aria-hidden=\"true\" class=\"far fa-sun\"><\/i>\t\t\t<\/div>\n\t\t<\/div>\n\t\t\t\t<\/div>\n\t\t\t\t<\/div>\n\t\t\t\t\t<\/div>\n\t\t<\/div>\n\t\t\t\t\t\t\t<\/div>\n\t\t<\/section>\n\t\t\t\t\t<\/div>\n\t\t<\/div>\n\t\t\t\t\t\t\t<\/div>\n\t\t<\/section>\n\t\t\t\t<section class=\"elementor-section elementor-top-section elementor-element elementor-element-4486becf elementor-section-boxed elementor-section-height-default elementor-section-height-default\" data-id=\"4486becf\" data-element_type=\"section\" data-settings=\"{&quot;background_background&quot;:&quot;classic&quot;}\">\n\t\t\t\t\t\t<div class=\"elementor-container elementor-column-gap-default\">\n\t\t\t\t\t<div class=\"elementor-column elementor-col-100 elementor-top-column elementor-element elementor-element-5179a843\" data-id=\"5179a843\" data-element_type=\"column\">\n\t\t\t<div class=\"elementor-widget-wrap\">\n\t\t\t\t\t\t\t\t\t<\/div>\n\t\t<\/div>\n\t\t\t\t\t\t\t<\/div>\n\t\t<\/section>\n\t\t\t\t\t\t\t<\/div>\n\t\t","protected":false},"excerpt":{"rendered":"<p>CONTACT partageons le Go\u00fbt de la Vie joie. sant\u00e9. coeur S\u00c9DENTARIT\u00c9, RIGIDIT\u00c9 &amp; MAL-\u00caTRE MAL DE DOS PERTE D&rsquo;ENVIE &amp; DE SENS<\/p>\n","protected":false},"author":1,"featured_media":2240,"parent":0,"menu_order":0,"comment_status":"closed","ping_status":"closed","template":"","meta":{"site-sidebar-layout":"no-sidebar","site-content-layout":"page-builder","ast-global-header-display":"","ast-main-header-display":"disabled","ast-hfb-above-header-display":"","ast-hfb-below-header-display":"","ast-hfb-mobile-header-display":"disabled","site-post-title":"disabled","ast-breadcrumbs-content":"","ast-featured-img":"disabled","footer-sml-layout":"disabled","theme-transparent-header-meta":"default","adv-header-id-meta":"","stick-header-meta":"","header-above-stick-meta":"","header-main-stick-meta":"","header-below-stick-meta":""},"yoast_head":"<!-- This site is optimized with the Yoast SEO plugin v17.8 - https:\/\/yoast.com\/wordpress\/plugins\/seo\/ -->\n<title>Contact &mdash; lorYogi et la Yoga therapie par Laure Champoiseau<\/title>\n<meta name=\"description\" content=\"LorYogi - La Yoga Th\u00e9rapie de Laure Champoiseau. &quot;Le Yoga est une Source d&#039;auto-gu\u00e9rison et de d\u00e9veloppement personnel \u00e0 la port\u00e9e de tous.&quot; LorYogi, partageons le Go\u00fbt de la vie.\" \/>\n<meta name=\"robots\" content=\"index, follow, max-snippet:-1, max-image-preview:large, max-video-preview:-1\" \/>\n<link rel=\"canonical\" href=\"https:\/\/loryogi.com\/index.php\/contact\/\" \/>\n<meta property=\"og:locale\" content=\"fr_FR\" \/>\n<meta property=\"og:type\" content=\"article\" \/>\n<meta property=\"og:title\" content=\"LorYogi - La Yoga Th\u00e9rapie de Laure Champoiseau.\" \/>\n<meta property=\"og:description\" content=\"&quot;Le Yoga est une Source d&#039;auto-gu\u00e9rison et de d\u00e9veloppement personnel \u00e0 la port\u00e9e de tous.&quot; LorYogi, partageons le Go\u00fbt de la vie.\" \/>\n<meta property=\"og:url\" content=\"https:\/\/loryogi.com\/index.php\/contact\/\" \/>\n<meta property=\"og:site_name\" content=\"lorYogi et la Yoga therapie par Laure Champoiseau\" \/>\n<meta property=\"article:publisher\" content=\"https:\/\/www.facebook.com\/profile.php?id=100070575122564https%3a%2f%2fwww.facebook.com%2fprofile.php%3fid%3d100070575122564\" \/>\n<meta property=\"article:modified_time\" content=\"2021-08-25T09:44:47+00:00\" \/>\n<meta property=\"og:image\" content=\"https:\/\/loryogi.com\/wp-content\/uploads\/2021\/08\/01-LOR3-scaled.jpg\" \/>\n\t<meta property=\"og:image:width\" content=\"1920\" \/>\n\t<meta property=\"og:image:height\" content=\"2560\" \/>\n<meta name=\"twitter:card\" content=\"summary_large_image\" \/>\n<meta name=\"twitter:title\" content=\"LorYogi - La Yoga Th\u00e9rapie de Laure Champoiseau.\" \/>\n<meta name=\"twitter:description\" content=\"&quot;Le Yoga est une Source d&#039;auto-gu\u00e9rison et de d\u00e9veloppement personnel \u00e0 la port\u00e9e de tous.&quot; LorYogi, partageons le Go\u00fbt de la vie.\" \/>\n<meta name=\"twitter:image\" content=\"https:\/\/loryogi.com\/wp-content\/uploads\/2021\/08\/01-LOR3-scaled.jpg\" \/>\n<meta name=\"twitter:label1\" content=\"Dur\u00e9e de lecture estim\u00e9e\" \/>\n\t<meta name=\"twitter:data1\" content=\"1 minute\" \/>\n<script type=\"application\/ld+json\" class=\"yoast-schema-graph\">{\"@context\":\"https:\/\/schema.org\",\"@graph\":[{\"@type\":\"Organization\",\"@id\":\"https:\/\/loryogi.com\/#organization\",\"name\":\"LorYogi\",\"url\":\"https:\/\/loryogi.com\/\",\"sameAs\":[\"https:\/\/www.facebook.com\/profile.php?id=100070575122564https:\/\/www.facebook.com\/profile.php?id=100070575122564\",\"https:\/\/www.instagram.com\/loryogi_yoga_therapie\/?hl=fr\",\"https:\/\/www.linkedin.com\/in\/laure-champoiseau-784b0844\/\"],\"logo\":{\"@type\":\"ImageObject\",\"@id\":\"https:\/\/loryogi.com\/#logo\",\"inLanguage\":\"fr-FR\",\"url\":\"https:\/\/loryogi.com\/wp-content\/uploads\/2021\/08\/Loryogi-La-yoga-therapie-par-Laure-Champoiseau.png\",\"contentUrl\":\"https:\/\/loryogi.com\/wp-content\/uploads\/2021\/08\/Loryogi-La-yoga-therapie-par-Laure-Champoiseau.png\",\"width\":940,\"height\":788,\"caption\":\"LorYogi\"},\"image\":{\"@id\":\"https:\/\/loryogi.com\/#logo\"}},{\"@type\":\"WebSite\",\"@id\":\"https:\/\/loryogi.com\/#website\",\"url\":\"https:\/\/loryogi.com\/\",\"name\":\"lorYogi et la Yoga therapie par Laure Champoiseau\",\"description\":\"Partageons le Go\\u00fbt de la Vie\",\"publisher\":{\"@id\":\"https:\/\/loryogi.com\/#organization\"},\"potentialAction\":[{\"@type\":\"SearchAction\",\"target\":{\"@type\":\"EntryPoint\",\"urlTemplate\":\"https:\/\/loryogi.com\/?s={search_term_string}\"},\"query-input\":\"required name=search_term_string\"}],\"inLanguage\":\"fr-FR\"},{\"@type\":\"ImageObject\",\"@id\":\"https:\/\/loryogi.com\/index.php\/contact\/#primaryimage\",\"inLanguage\":\"fr-FR\",\"url\":\"https:\/\/loryogi.com\/wp-content\/uploads\/2021\/08\/01-LOR3-scaled.jpg\",\"contentUrl\":\"https:\/\/loryogi.com\/wp-content\/uploads\/2021\/08\/01-LOR3-scaled.jpg\",\"width\":1920,\"height\":2560},{\"@type\":\"WebPage\",\"@id\":\"https:\/\/loryogi.com\/index.php\/contact\/#webpage\",\"url\":\"https:\/\/loryogi.com\/index.php\/contact\/\",\"name\":\"Contact &mdash; lorYogi et la Yoga therapie par Laure Champoiseau\",\"isPartOf\":{\"@id\":\"https:\/\/loryogi.com\/#website\"},\"primaryImageOfPage\":{\"@id\":\"https:\/\/loryogi.com\/index.php\/contact\/#primaryimage\"},\"datePublished\":\"2021-08-10T13:45:53+00:00\",\"dateModified\":\"2021-08-25T09:44:47+00:00\",\"description\":\"LorYogi - La Yoga Th\\u00e9rapie de Laure Champoiseau. \\\"Le Yoga est une Source d'auto-gu\\u00e9rison et de d\\u00e9veloppement personnel \\u00e0 la port\\u00e9e de tous.\\\" LorYogi, partageons le Go\\u00fbt de la vie.\",\"breadcrumb\":{\"@id\":\"https:\/\/loryogi.com\/index.php\/contact\/#breadcrumb\"},\"inLanguage\":\"fr-FR\",\"potentialAction\":[{\"@type\":\"ReadAction\",\"target\":[\"https:\/\/loryogi.com\/index.php\/contact\/\"]}]},{\"@type\":\"BreadcrumbList\",\"@id\":\"https:\/\/loryogi.com\/index.php\/contact\/#breadcrumb\",\"itemListElement\":[{\"@type\":\"ListItem\",\"position\":1,\"name\":\"LorYogi - Partageons le Go\\u00fbt de la Vie - by Laure Champoiseau\",\"item\":\"https:\/\/loryogi.com\/\"},{\"@type\":\"ListItem\",\"position\":2,\"name\":\"Contact\"}]}]}<\/script>\n<!-- \/ Yoast SEO plugin. -->","yoast_head_json":{"title":"Contact &mdash; lorYogi et la Yoga therapie par Laure Champoiseau","description":"LorYogi - La Yoga Th\u00e9rapie de Laure Champoiseau. \"Le Yoga est une Source d'auto-gu\u00e9rison et de d\u00e9veloppement personnel \u00e0 la port\u00e9e de tous.\" LorYogi, partageons le Go\u00fbt de la vie.","robots":{"index":"index","follow":"follow","max-snippet":"max-snippet:-1","max-image-preview":"max-image-preview:large","max-video-preview":"max-video-preview:-1"},"canonical":"https:\/\/loryogi.com\/index.php\/contact\/","og_locale":"fr_FR","og_type":"article","og_title":"LorYogi - La Yoga Th\u00e9rapie de Laure Champoiseau.","og_description":"\"Le Yoga est une Source d'auto-gu\u00e9rison et de d\u00e9veloppement personnel \u00e0 la port\u00e9e de tous.\" LorYogi, partageons le Go\u00fbt de la vie.","og_url":"https:\/\/loryogi.com\/index.php\/contact\/","og_site_name":"lorYogi et la Yoga therapie par Laure Champoiseau","article_publisher":"https:\/\/www.facebook.com\/profile.php?id=100070575122564https%3a%2f%2fwww.facebook.com%2fprofile.php%3fid%3d100070575122564","article_modified_time":"2021-08-25T09:44:47+00:00","og_image":[{"width":1920,"height":2560,"url":"https:\/\/loryogi.com\/wp-content\/uploads\/2021\/08\/01-LOR3-scaled.jpg","type":"image\/jpeg"}],"twitter_card":"summary_large_image","twitter_title":"LorYogi - La Yoga Th\u00e9rapie de Laure Champoiseau.","twitter_description":"\"Le Yoga est une Source d'auto-gu\u00e9rison et de d\u00e9veloppement personnel \u00e0 la port\u00e9e de tous.\" LorYogi, partageons le Go\u00fbt de la vie.","twitter_image":"https:\/\/loryogi.com\/wp-content\/uploads\/2021\/08\/01-LOR3-scaled.jpg","twitter_misc":{"Dur\u00e9e de lecture estim\u00e9e":"1 minute"},"schema":{"@context":"https:\/\/schema.org","@graph":[{"@type":"Organization","@id":"https:\/\/loryogi.com\/#organization","name":"LorYogi","url":"https:\/\/loryogi.com\/","sameAs":["https:\/\/www.facebook.com\/profile.php?id=100070575122564https:\/\/www.facebook.com\/profile.php?id=100070575122564","https:\/\/www.instagram.com\/loryogi_yoga_therapie\/?hl=fr","https:\/\/www.linkedin.com\/in\/laure-champoiseau-784b0844\/"],"logo":{"@type":"ImageObject","@id":"https:\/\/loryogi.com\/#logo","inLanguage":"fr-FR","url":"https:\/\/loryogi.com\/wp-content\/uploads\/2021\/08\/Loryogi-La-yoga-therapie-par-Laure-Champoiseau.png","contentUrl":"https:\/\/loryogi.com\/wp-content\/uploads\/2021\/08\/Loryogi-La-yoga-therapie-par-Laure-Champoiseau.png","width":940,"height":788,"caption":"LorYogi"},"image":{"@id":"https:\/\/loryogi.com\/#logo"}},{"@type":"WebSite","@id":"https:\/\/loryogi.com\/#website","url":"https:\/\/loryogi.com\/","name":"lorYogi et la Yoga therapie par Laure Champoiseau","description":"Partageons le Go\u00fbt de la Vie","publisher":{"@id":"https:\/\/loryogi.com\/#organization"},"potentialAction":[{"@type":"SearchAction","target":{"@type":"EntryPoint","urlTemplate":"https:\/\/loryogi.com\/?s={search_term_string}"},"query-input":"required name=search_term_string"}],"inLanguage":"fr-FR"},{"@type":"ImageObject","@id":"https:\/\/loryogi.com\/index.php\/contact\/#primaryimage","inLanguage":"fr-FR","url":"https:\/\/loryogi.com\/wp-content\/uploads\/2021\/08\/01-LOR3-scaled.jpg","contentUrl":"https:\/\/loryogi.com\/wp-content\/uploads\/2021\/08\/01-LOR3-scaled.jpg","width":1920,"height":2560},{"@type":"WebPage","@id":"https:\/\/loryogi.com\/index.php\/contact\/#webpage","url":"https:\/\/loryogi.com\/index.php\/contact\/","name":"Contact &mdash; lorYogi et la Yoga therapie par Laure Champoiseau","isPartOf":{"@id":"https:\/\/loryogi.com\/#website"},"primaryImageOfPage":{"@id":"https:\/\/loryogi.com\/index.php\/contact\/#primaryimage"},"datePublished":"2021-08-10T13:45:53+00:00","dateModified":"2021-08-25T09:44:47+00:00","description":"LorYogi - La Yoga Th\u00e9rapie de Laure Champoiseau. \"Le Yoga est une Source d'auto-gu\u00e9rison et de d\u00e9veloppement personnel \u00e0 la port\u00e9e de tous.\" LorYogi, partageons le Go\u00fbt de la vie.","breadcrumb":{"@id":"https:\/\/loryogi.com\/index.php\/contact\/#breadcrumb"},"inLanguage":"fr-FR","potentialAction":[{"@type":"ReadAction","target":["https:\/\/loryogi.com\/index.php\/contact\/"]}]},{"@type":"BreadcrumbList","@id":"https:\/\/loryogi.com\/index.php\/contact\/#breadcrumb","itemListElement":[{"@type":"ListItem","position":1,"name":"LorYogi - Partageons le Go\u00fbt de la Vie - by Laure Champoiseau","item":"https:\/\/loryogi.com\/"},{"@type":"ListItem","position":2,"name":"Contact"}]}]}},"_links":{"self":[{"href":"https:\/\/loryogi.com\/index.php\/wp-json\/wp\/v2\/pages\/208"}],"collection":[{"href":"https:\/\/loryogi.com\/index.php\/wp-json\/wp\/v2\/pages"}],"about":[{"href":"https:\/\/loryogi.com\/index.php\/wp-json\/wp\/v2\/types\/page"}],"author":[{"embeddable":true,"href":"https:\/\/loryogi.com\/index.php\/wp-json\/wp\/v2\/users\/1"}],"replies":[{"embeddable":true,"href":"https:\/\/loryogi.com\/index.php\/wp-json\/wp\/v2\/comments?post=208"}],"version-history":[{"count":20,"href":"https:\/\/loryogi.com\/index.php\/wp-json\/wp\/v2\/pages\/208\/revisions"}],"predecessor-version":[{"id":2371,"href":"https:\/\/loryogi.com\/index.php\/wp-json\/wp\/v2\/pages\/208\/revisions\/2371"}],"wp:featuredmedia":[{"embeddable":true,"href":"https:\/\/loryogi.com\/index.php\/wp-json\/wp\/v2\/media\/2240"}],"wp:attachment":[{"href":"https:\/\/loryogi.com\/index.php\/wp-json\/wp\/v2\/media?parent=208"}],"curies":[{"name":"wp","href":"https:\/\/api.w.org\/{rel}","templated":true}]}}